{"id":1814,"date":"2024-11-22T14:40:56","date_gmt":"2024-11-22T13:40:56","guid":{"rendered":"https:\/\/www.hotellesbarmes.com\/?page_id=1814"},"modified":"2025-06-24T11:09:16","modified_gmt":"2025-06-24T09:09:16","slug":"games-area-with-bowling","status":"publish","type":"page","link":"https:\/\/www.hotellesbarmes.com\/en\/games-area-with-bowling\/","title":{"rendered":"Entertainment at Les Barmes: kids club, bowling, billiards"},"content":{"rendered":"<div class=\"wpb-content-wrapper\"><p>[vc_row css=&#8221;.vc_custom_1714117486097{margin-bottom: 80px !important;}&#8221;][vc_column offset=&#8221;vc_col-md-offset-2 vc_col-md-8&#8243; css=&#8221;.vc_custom_1738145960779{margin-top: 0px !important;}&#8221;][vc_column_text css=&#8221;.vc_custom_1744726667523{margin-top: 0px !important;}&#8221;]Les Barmes de l&#8217;Ours offers a number of dedicated areas to delight young and old alike, so that everyone can enjoy themselves at any time of day.[\/vc_column_text][\/vc_column][\/vc_row][vc_row full_width=&#8221;stretch_row&#8221; equal_height=&#8221;yes&#8221; css=&#8221;.vc_custom_1740065452995{margin-bottom: 0px !important;}&#8221; el_class=&#8221;back-beige&#8221;][vc_column width=&#8221;1\/3&#8243; thegem_content_alignment=&#8221;right&#8221; css=&#8221;.vc_custom_1714140101349{padding-top: 40px !important;}&#8221; z_index=&#8221;10&#8243;][vc_single_image image=&#8221;1350&#8243; img_size=&#8221;full&#8221; alignment=&#8221;center&#8221; css=&#8221;.vc_custom_1738162735216{margin-bottom: 0px !important;}&#8221; css_animation=&#8221;none&#8221;][\/vc_column][vc_column width=&#8221;1\/3&#8243; thegem_content_alignment=&#8221;center&#8221; css=&#8221;.vc_custom_1732274567288{margin-right: -60% !important;margin-left: 20% !important;padding-top: 140px !important;}&#8221; z_index=&#8221;0&#8243;][vc_single_image image=&#8221;1338&#8243; img_size=&#8221;full&#8221; alignment=&#8221;center&#8221; css=&#8221;.vc_custom_1738155506299{margin-bottom: 5px !important;}&#8221; css_animation=&#8221;none&#8221;][\/vc_column][vc_column width=&#8221;1\/3&#8243; css=&#8221;.vc_custom_1732274625451{padding-top: 0px !important;padding-left: 12% !important;}&#8221;][vc_single_image image=&#8221;516&#8243; img_size=&#8221;full&#8221; alignment=&#8221;center&#8221; css=&#8221;&#8221; css_animation=&#8221;none&#8221;][\/vc_column][\/vc_row][vc_row equal_height=&#8221;yes&#8221; content_placement=&#8221;middle&#8221; css=&#8221;.vc_custom_1740065472402{margin-top: 50px !important;margin-bottom: 40px !important;}&#8221;][vc_column el_class=&#8221;two-images-left&#8221; offset=&#8221;vc_col-md-6&#8243;][vc_single_image image=&#8221;520&#8243; img_size=&#8221;full&#8221; alignment=&#8221;right&#8221; css=&#8221;&#8221; css_animation=&#8221;fadeInRight&#8221; el_class=&#8221;two-images-first&#8221;][vc_single_image image=&#8221;1340&#8243; img_size=&#8221;full&#8221; css=&#8221;&#8221; css_animation=&#8221;fadeInLeft&#8221; el_class=&#8221;two-images-second&#8221;][\/vc_column][vc_column css=&#8221;.vc_custom_1733397918949{padding-top: 40px !important;padding-right: 16% !important;padding-bottom: 40px !important;padding-left: 16% !important;}&#8221; offset=&#8221;vc_col-md-6&#8243; tablet_padding_left=&#8221;10%&#8221; tablet_padding_right=&#8221;10%&#8221; mobile_padding_left=&#8221;5%&#8221; mobile_padding_right=&#8221;5%&#8221;][vc_column_text css=&#8221;&#8221; el_class=&#8221;exergue&#8221;]<em>The little ones can&#8217;t wait to get back to the Kids Club.<\/em>[\/vc_column_text][vc_column_text css=&#8221;.vc_custom_1744726701390{margin-top: 30px !important;}&#8221;]<\/p>\n<h2 style=\"text-align: center;\">The Kids Club for the very young<\/h2>\n<p>[\/vc_column_text][vc_column_text css=&#8221;&#8221;]<a href=\"https:\/\/www.hotellesbarmes.com\/en\/spirit-and-art-living-hotel\/\">In a warm, wood-lined atmosphere<\/a>, the Kids Club welcomes the very young from 3 years of age for craft activities, legendary games, life-size cuddly toys and the alcove beneath the stars for a quiet moment\u2019s reading.<br \/>\nOpen all day, it turns into a veritable drop-in center during the school holidays from 4 to 9 p.m. with play workshops supervised by our children\u2019s monitor offering a few moments of fun away from it all.<br \/>\nThe little terrors will be able to explore topics such as \u201cspace\u201d, \u201canimals\u201d or \u201cthe circus\u201d as they make masks, planet pendants or go on visits to the Ferme de l\u2019Adroit.<br \/>\n[\/vc_column_text][\/vc_column][\/vc_row][vc_row equal_height=&#8221;yes&#8221; content_placement=&#8221;middle&#8221; thegem_revesrse_columns_tablet=&#8221;true&#8221; thegem_revesrse_columns_mobile=&#8221;true&#8221; css=&#8221;.vc_custom_1714122515245{margin-top: 70px !important;margin-bottom: 40px !important;}&#8221;][vc_column css=&#8221;.vc_custom_1733397933211{padding-top: 40px !important;padding-right: 16% !important;padding-bottom: 40px !important;padding-left: 16% !important;}&#8221; offset=&#8221;vc_col-md-6&#8243; tablet_padding_left=&#8221;10%&#8221; tablet_padding_right=&#8221;10%&#8221; mobile_padding_left=&#8221;5%&#8221; mobile_padding_right=&#8221;5%&#8221;][vc_column_text css=&#8221;.vc_custom_1744726785922{margin-top: 30px !important;}&#8221;]<\/p>\n<h2 style=\"text-align: center;\">A bowling alley nestled in the heart of Les Barmes<\/h2>\n<p>[\/vc_column_text][vc_column_text css=&#8221;&#8221;]In a laid-back atmosphere at the heart of Les Barmes de l\u2019Ours, one rather unusual room will attract your attention : the one and only tenpin bowling alley in Val d\u2019Is\u00e8re!<br \/>\nWith your friends or family, disconnect from your stressful day as you rack up the most brilliant strikes in the game! Equipped with two lanes able to accommodate up to twelve people, the bowling alley is open from 2.00 to 11.00 p.m. and brightens overcast afternoons and apr\u00e8s-ski parties for all the family.<br \/>\n[\/vc_column_text][vc_row_inner][vc_column_inner width=&#8221;1\/2&#8243;]<div class=\"gem-button-container gem-button-position-center thegem-button-69e0ef11957e87348    \"  ><a class=\"gem-button gem-button-size-medium gem-button-style-outline gem-button-text-weight-normal gem-button-border-2\" data-ll-effect=\"drop-right-without-wrap\" style=\"border-radius: 0px;\" onmouseleave=\"\" onmouseenter=\"\" href=\"\/en\/contact-hotel-restaurant-spa\/\" target=\"_self\">Informations<\/a><\/div> [\/vc_column_inner][vc_column_inner width=&#8221;1\/2&#8243;]<div class=\"gem-button-container gem-button-position-center thegem-button-69e0ef11958bd8902    \"  ><a class=\"gem-button gem-button-size-medium gem-button-style-outline gem-button-text-weight-normal gem-button-border-2\" data-ll-effect=\"drop-right-without-wrap\" style=\"border-radius: 0px;\" onmouseleave=\"\" onmouseenter=\"\" href=\"\/wp-content\/uploads\/2025\/05\/barclosed.pdf\" target=\"_blank\">Check out the bar menu<\/a><\/div> [\/vc_column_inner][\/vc_row_inner][\/vc_column][vc_column background_position_desktop=&#8221;center bottom&#8221; css_animation=&#8221;none&#8221; css=&#8221;.vc_custom_1738162095720{padding-top: 100% !important;background-image: url(https:\/\/www.hotellesbarmes.com\/wp-content\/uploads\/2025\/01\/img-divertissement-bowling-barmes-ours.jpg?id=1343) !important;background-position: center !important;background-repeat: no-repeat !important;background-size: cover !important;}&#8221; offset=&#8221;vc_col-md-6&#8243;][\/vc_column][\/vc_row][vc_row equal_height=&#8221;yes&#8221; content_placement=&#8221;middle&#8221; css=&#8221;.vc_custom_1713951016389{margin-bottom: 40px !important;}&#8221;][vc_column el_class=&#8221;two-images-left&#8221; offset=&#8221;vc_col-md-6&#8243;][vc_single_image image=&#8221;1345&#8243; img_size=&#8221;full&#8221; alignment=&#8221;right&#8221; css=&#8221;&#8221; css_animation=&#8221;fadeInRight&#8221; el_class=&#8221;two-images-first&#8221;][vc_single_image image=&#8221;1347&#8243; img_size=&#8221;full&#8221; css=&#8221;&#8221; css_animation=&#8221;fadeInLeft&#8221; el_class=&#8221;two-images-second&#8221;][\/vc_column][vc_column css=&#8221;.vc_custom_1733397918949{padding-top: 40px !important;padding-right: 16% !important;padding-bottom: 40px !important;padding-left: 16% !important;}&#8221; offset=&#8221;vc_col-md-6&#8243; tablet_padding_left=&#8221;10%&#8221; tablet_padding_right=&#8221;10%&#8221; mobile_padding_left=&#8221;5%&#8221; mobile_padding_right=&#8221;5%&#8221;][vc_column_text css=&#8221;&#8221;]<\/p>\n<h2 style=\"text-align: center;\">The games area for the older kids<\/h2>\n<p>[\/vc_column_text][vc_column_text css=&#8221;&#8221;]Explore our games area devoted entirely to having fun! Laughter reaches out as far as the bar area where parents can enjoy a pre-dinner cocktail with an easy mind: the children are only a step away, focussing on a virtual challenge around the 4 PlayStations!<br \/>\nFootball fans will experience some strong emotions as they take part in a table football knock-out.<br \/>\nFeeling nostalgic about period games? Back to the 50s with our pinball machine where, all season long, everyone will attempt to beat the highest record.<br \/>\nFinally, for pool fans, why not have some fun in our purpose-made room, with its brilliant futuristic pool table.[\/vc_column_text][\/vc_column][\/vc_row][vc_row equal_height=&#8221;yes&#8221; content_placement=&#8221;middle&#8221; disable_element=&#8221;yes&#8221; thegem_revesrse_columns_tablet=&#8221;true&#8221; thegem_revesrse_columns_mobile=&#8221;true&#8221; css=&#8221;.vc_custom_1732810812813{margin-top: 70px !important;margin-bottom: 40px !important;}&#8221;][vc_column css=&#8221;.vc_custom_1714035430854{padding-top: 40px !important;padding-right: 16% !important;padding-bottom: 40px !important;padding-left: 16% !important;}&#8221; offset=&#8221;vc_col-md-6&#8243;][vc_column_text css=&#8221;&#8221;]<\/p>\n<h2 style=\"text-align: center;\">L&#8217;espace Jazz<\/h2>\n<p>[\/vc_column_text][vc_column_text css=&#8221;&#8221;]Retrouvez notre espace divertissement enti\u00e8rement d\u00e9di\u00e9 \u00e0 l\u2019amusement ! Les rires r\u00e9sonnent jusqu\u2019\u00e0 l\u2019espace bar o\u00f9 les parents peuvent d\u00e9guster l\u2019ap\u00e9ritif l\u2019esprit tranquille : les enfants sont \u00e0 deux pas de l\u00e0 concentr\u00e9s sur un challenge virtuel autour des deux Playstations (PS5) ! Les amateurs de foot vivront de grandes \u00e9motions autour du babyfoot, le temps de tournois endiabl\u00e9s. Nostalgie des jeux d\u2019\u00e9poque ? Back in the 50\u2019s avec notre flipper, o\u00f9 tous tenteront de battre le grand record\u2026 Enfin, pour les amateurs de billard, vous trouverez votre bonheur dans notre salle d\u00e9di\u00e9e, avec un magnifique billard aux allures futuristes.[\/vc_column_text][\/vc_column][vc_column background_position_desktop=&#8221;center bottom&#8221; css_animation=&#8221;zoomInRight&#8221; css=&#8221;.vc_custom_1732283877420{padding-top: 100% !important;background-image: url(https:\/\/www.hotellesbarmes.com\/wp-content\/uploads\/2024\/11\/img-contenu-3-divertissement.jpg?id=524) !important;background-position: center !important;background-repeat: no-repeat !important;background-size: cover !important;}&#8221; offset=&#8221;vc_col-md-6&#8243;][\/vc_column][\/vc_row]<\/p>\n<\/div>","protected":false},"excerpt":{"rendered":"<p>[vc_row css=&#8221;.vc_custom_1714117486097{margin-bottom: 80px !important;}&#8221;][vc_column offset=&#8221;vc_col-md-offset-2 vc_col-md-8&#8243; css=&#8221;.vc_custom_1738145960779{margin-top: 0px !important;}&#8221;][vc_column_text css=&#8221;.vc_custom_1744726667523{margin-top: 0px !important;}&#8221;]Les Barmes de l&#8217;Ours offers a number of dedicated&#8230;<\/p>\n","protected":false},"author":1,"featured_media":2227,"parent":0,"menu_order":0,"comment_status":"closed","ping_status":"closed","template":"","meta":{"footnotes":""},"class_list":["post-1814","page","type-page","status-publish","has-post-thumbnail"],"_links":{"self":[{"href":"https:\/\/www.hotellesbarmes.com\/en\/wp-json\/wp\/v2\/pages\/1814","targetHints":{"allow":["GET"]}}],"collection":[{"href":"https:\/\/www.hotellesbarmes.com\/en\/wp-json\/wp\/v2\/pages"}],"about":[{"href":"https:\/\/www.hotellesbarmes.com\/en\/wp-json\/wp\/v2\/types\/page"}],"author":[{"embeddable":true,"href":"https:\/\/www.hotellesbarmes.com\/en\/wp-json\/wp\/v2\/users\/1"}],"replies":[{"embeddable":true,"href":"https:\/\/www.hotellesbarmes.com\/en\/wp-json\/wp\/v2\/comments?post=1814"}],"version-history":[{"count":4,"href":"https:\/\/www.hotellesbarmes.com\/en\/wp-json\/wp\/v2\/pages\/1814\/revisions"}],"predecessor-version":[{"id":2237,"href":"https:\/\/www.hotellesbarmes.com\/en\/wp-json\/wp\/v2\/pages\/1814\/revisions\/2237"}],"wp:featuredmedia":[{"embeddable":true,"href":"https:\/\/www.hotellesbarmes.com\/en\/wp-json\/wp\/v2\/media\/2227"}],"wp:attachment":[{"href":"https:\/\/www.hotellesbarmes.com\/en\/wp-json\/wp\/v2\/media?parent=1814"}],"curies":[{"name":"wp","href":"https:\/\/api.w.org\/{rel}","templated":true}]}}